{"id":2292,"date":"2023-04-13T03:16:49","date_gmt":"2023-04-13T03:16:49","guid":{"rendered":"https:\/\/medtrends.mx\/?page_id=2292"},"modified":"2025-02-23T04:42:14","modified_gmt":"2025-02-23T04:42:14","slug":"tourism","status":"publish","type":"page","link":"https:\/\/medtrends.mx\/index.php\/tourism\/","title":{"rendered":"Tourism"},"content":{"rendered":"<section class=\"wpb-content-wrapper\"><p>[vc_row full_width=&#8221;0&#8243; full_height=&#8221;0&#8243; particles=&#8221;0&#8243; css=&#8221;.vc_custom_1705033765876{margin-top: 0px !important;margin-bottom: 0px !important;padding-top: 0px !important;padding-bottom: 0px !important;}&#8221;][vc_column width=&#8221;1\/2&#8243;]<div class=\"pricing_plan light_section  \">  \n\n\n    <div class=\"stretchy_wrapper ratio_16-9\">\n      <div style=\"background-image:url('https:\/\/medtrends.mx\/wp-content\/uploads\/2024\/01\/USA-valle-de-guadalupe-tour-medical-tourism-joung-1-1.jpg');\" class=\"pricing_plan_photo\"><\/div>\n      \n    <\/div>\n\n\n  <div  class=\"plan_title skincolored_section\">\n    <h3>Wine Tour In Valle de Guadalupe<\/h3>\n    <p>10 Hour Tour Starting in Tijuana or San Diego<\/p>\n  <\/div>\n  <div class=\"the_price secondary_section\">Tour Fees<small><\/small><\/div>\n  <div class=\"the_offerings \">\n   Small Groups:<br \/>\nSedan $ 264.00dlls 1 - 3 pax<br \/>\nMinivan $ 352.00dlls 4 - 6 pax<br \/>\nSuburban $ 560.00dlls 1 - 6 pax<\/p>\n<p>Large Groups:<br \/>\nMinibus $520.00dlls 7 - 15 pax<br \/>\nMinibus $590.00dlls 16 - 20 pax<\/p>\n<p>*Add wine tasting and tour in the cellar starting from $ 30.00 USD.<br \/>\n*Choose up to 3 different wineries from these options: Bar\u00f3n Balch\u00e9, El Cielo, Relieve, Finca Carrodilla, Santo Tom\u00e1s, Xolo, Vinos de la Reina, Bodega F. Rubio o Magl\u00e9n.<br \/>\n*Does not include food or drink consumption.<br \/>\n*Fees include personal driver, gasoline and tolls.<br \/>\n*Bilingual Certified Guide $200.00dlls per day (optional).   <br \/> \n\n\n  <a href=\"https:\/\/medtrends.mx\/index.php\/contact-medtrends\/\" class=\"btn btn-primary 0 icon-right\" title=\"Contact Us\"  target=\"_self\">\n\n    Book Now\n\n    \n\n  <\/a>\n\n\n  <\/div>\n\n<\/div>[\/vc_column][vc_column width=&#8221;1\/2&#8243;]<!-- ========================== TEASER BOX ==========================-->\n<div class=\"teaser_box wpb_content_element text-left  secondary_section boxed_special   with_button    \">\n\n  <div class=\"figure light_section\">\n\n\n      <a href=\"https:\/\/medtrends.mx\/index.php\/contact-medtrends\/\" debug title=\"Contact Us\" target=\"\"> \n\n        \n        \n        \n         <img decoding=\"async\" src=\"https:\/\/medtrends.mx\/wp-content\/uploads\/2023\/07\/airport-02.jpg\" alt=\"San Diego Airport to-from Tijuana\">   \n\n        \n\n    <\/a>\n\n  <\/div>\n\n\n\n  <div class=\"content text-left   with_button \">\n    \n    <div class=\"hgroup\">\n       <h4 class=\"neutralize_links\">\n       San Diego Airport to-from Tijuana\n       <\/h4>\n       <p>ROUND TRIP TRANSPORTATION<\/p> \n    <\/div>\n\n     <div class=\"desc\"><p>Round Trip for parties of 1-6 guests are $350.00dlls + Tax* per guest<br \/>\n&#8212;&#8212;&#8212;&#8212;&#8212;&#8212;&#8212;&#8212;&#8212;&#8212;&#8212;&#8212;&#8212;&#8211;<br \/>\n*Tax only applies for digital transfers<\/p><\/div> \n\n    <div class=\"link centered\">\n        <a href=\"https:\/\/medtrends.mx\/index.php\/contact-medtrends\/\" Contact Us target=\"\" class=\"btn btn-xs btn-default\"><strong>BOOK NOW<\/strong><\/a>\n    <\/div>\n\n  <\/div>\n\n<\/div>\n\n<!-- END======================= TEASER BOX ==========================--><!-- ========================== TEASER BOX ==========================-->\n<div class=\"teaser_box wpb_content_element text-left  secondary_section boxed_special   with_button    \">\n\n  <div class=\"figure skincolored_section\">\n\n\n      <a href=\"https:\/\/medtrends.mx\/index.php\/contact-medtrends\/\" debug title=\"Contact Us\" target=\"\"> \n\n        \n        \n        \n         <img decoding=\"async\" src=\"https:\/\/medtrends.mx\/wp-content\/uploads\/2023\/07\/tj-05-scaled.jpg\" alt=\"U.S. Border to-from Medical Center\">   \n\n        \n\n    <\/a>\n\n  <\/div>\n\n\n\n  <div class=\"content text-left   with_button \">\n    \n    <div class=\"hgroup\">\n       <h4 class=\"neutralize_links\">\n       U.S. Border to-from Medical Center\n       <\/h4>\n       <p>ROUND TRANSPORTATION<\/p> \n    <\/div>\n\n     <div class=\"desc\"><p>From U.S. Side of Border to Medical Center<br \/>\nRound Trip per guest $250.00 dlls + Tax*<br \/>\n&#8212;&#8212;&#8212;&#8212;&#8212;&#8212;&#8212;&#8212;&#8212;&#8212;&#8212;&#8212;&#8212;&#8212;&#8212;-<br \/>\nFrom Tijuana Side of Border to Medical Center<br \/>\nRound trip per guest $80.00 dlls + Tax<br \/>\n&#8212;&#8212;&#8212;&#8212;&#8212;&#8212;&#8212;&#8212;&#8212;&#8212;&#8212;&#8212;&#8212;&#8212;&#8212;-<br \/>\n*Tax only applies for digital transfers<br \/>\n**Medical pass not included<\/p><\/div> \n\n    <div class=\"link centered\">\n        <a href=\"https:\/\/medtrends.mx\/index.php\/contact-medtrends\/\" Contact Us target=\"\" class=\"btn btn-xs btn-default\"><strong>BOOK NOW<\/strong><\/a>\n    <\/div>\n\n  <\/div>\n\n<\/div>\n\n<!-- END======================= TEASER BOX ==========================-->[\/vc_column][\/vc_row][vc_row full_width=&#8221;0&#8243; full_height=&#8221;0&#8243; particles=&#8221;0&#8243; css=&#8221;.vc_custom_1705033656754{margin-top: 0px !important;margin-bottom: 0px !important;padding-top: 0px !important;padding-bottom: 0px !important;}&#8221;][vc_column][vc_video link=&#8221;https:\/\/www.youtube.com\/watch?v=8ZPulR3jyGs&amp;t=21s&#8221; align=&#8221;center&#8221;][\/vc_column][\/vc_row][vc_row full_width=&#8221;0&#8243; full_height=&#8221;0&#8243; particles=&#8221;0&#8243; css=&#8221;.vc_custom_1705033793537{margin-top: 0px !important;margin-bottom: 0px !important;padding-top: 0px !important;padding-bottom: 0px !important;}&#8221;][vc_column width=&#8221;1\/2&#8243;]<div class=\"section_header subtitle_bottom   vc_custom_1703101401022 fancy text-center\">\n\n    <h3><span style=\"color: #ffffff;\">ENHANCE YOUR MEXICO EXPERIENCE WITH SAFE MEDICAL TOURISM.<\/span><\/h3>\n\n\n        <p ><\/p>\n<\/div>[vc_column_text]<span style=\"font-weight: 400;\">Tijuana and Mexico&#8217;s tourism popularity comes from its highly talented doctors but also from its fantastic culinary options throughout. From incredible seafood to the best street tacos among many exquisite options. Fine dining is always amazing and craft beer is everywhere to be found.\u00a0<\/span><\/p>\n<p><span style=\"font-weight: 400;\">From private wine tasting tours in the world famous Valle de Guadalupe to sporting or live music events in Baja. We got you covered!<\/span><\/p>\n<p><span style=\"font-weight: 400;\">Possibilities are endless when exploring Mexico! Experience the warm and calm waters of Oaxaca or visit the exciting beaches of Cabo or Canc\u00fan while you prepare to undergo a medical procedure.<\/span><\/p>\n<p><span style=\"font-weight: 400;\"><a href=\"https:\/\/medtrends.mx\/index.php\/contact-medtrends\/\">Contact Us<\/a> and let us know how we can help while visiting Mexico! We want you to have the best time down here. Please follow our social media on <a href=\"https:\/\/www.instagram.com\/medtrends.mx\">Instagram<\/a>, <a href=\"https:\/\/www.facebook.com\/medtrends.mx\">Facebook<\/a> and <a href=\"https:\/\/www.youtube.com\/@medtrendsmx\" target=\"_blank\" rel=\"noopener\">Youtube<\/a> for more information.<\/span>[\/vc_column_text][\/vc_column][vc_column width=&#8221;1\/2&#8243;][vc_text_separator title=&#8221;PHOTOS&#8221; title_align=&#8221;separator_align_left&#8221;][vc_images_carousel images=&#8221;2621,2369,2622,2370,2373,2646,2620,2640,2647,2650,2644,2641,2651,2649,2642,2645,2643,2648,2653&#8243; img_size=&#8221;full&#8221; speed=&#8221;2000&#8243; autoplay=&#8221;yes&#8221; wrap=&#8221;yes&#8221;][\/vc_column][\/vc_row][vc_row color_set=&#8221;secondary_section&#8221; align=&#8221;text-center&#8221; full_width=&#8221;0&#8243; full_height=&#8221;0&#8243; transparent_overlay=&#8221;transparent_film&#8221; background=&#8221;bgimage&#8221; bgimage=&#8221;1194&#8243; parallax=&#8221;1&#8243;][vc_column]<div class=\"section_header subtitle_bottom   fancy text-center\">\n\n    <h2>Have any questions?<\/h2>\n\n\n        <p >Contact us and we will gladly answer all your questions!<\/p>\n<\/div><div class=\"plethora_button wpb_content_element   text-center \">\n    <a href=\"https:\/\/medtrends.mx\/index.php\/contact-medtrends\/\" class=\" btn btn-success with-icon icon-left\" title=\"Contact Us\" target=\"_self\" debug>\n\n         <i class=\"fa fa-user\"><\/i> \n        CONTACT US\n        \n\n    <\/a>\n<\/div>[\/vc_column][\/vc_row]<\/p>\n<\/section>","protected":false},"excerpt":{"rendered":"<p>[vc_row full_width=&#8221;0&#8243; full_height=&#8221;0&#8243; particles=&#8221;0&#8243; css=&#8221;.vc_custom_1705033765876{margin-top: 0px !important;margin-bottom: 0px !important;padding-top: 0px !important;padding-bottom: 0px !important;}&#8221;][vc_column width=&#8221;1\/2&#8243;][\/vc_column][vc_column width=&#8221;1\/2&#8243;][\/vc_column][\/vc_row][vc_row full_width=&#8221;0&#8243; full_height=&#8221;0&#8243; particles=&#8221;0&#8243; css=&#8221;.vc_custom_1705033656754{margin-top: 0px !important;margin-bottom: 0px !important;padding-top: 0px !important;padding-bottom: 0px !important;}&#8221;][vc_column][vc_video link=&#8221;https:\/\/www.youtube.com\/watch?v=8ZPulR3jyGs&amp;t=21s&#8221; align=&#8221;center&#8221;][\/vc_column][\/vc_row][vc_row full_width=&#8221;0&#8243; full_height=&#8221;0&#8243; particles=&#8221;0&#8243; css=&#8221;.vc_custom_1705033793537{margin-top: 0px !important;margin-bottom: 0px !important;padding-top: 0px !important;padding-bottom: 0px !important;}&#8221;][vc_column width=&#8221;1\/2&#8243;][vc_column_text]Tijuana and Mexico&#8217;s tourism popularity comes from its highly talented doctors but also from [&hellip;]<\/p>\n","protected":false},"author":4,"featured_media":2368,"parent":0,"menu_order":0,"comment_status":"closed","ping_status":"closed","template":"","meta":{"om_disable_all_campaigns":false,"_monsterinsights_skip_tracking":false,"_monsterinsights_sitenote_active":false,"_monsterinsights_sitenote_note":"","_monsterinsights_sitenote_category":0,"_uf_show_specific_survey":0,"_uf_disable_surveys":false,"_joinchat":[],"footnotes":""},"_links":{"self":[{"href":"https:\/\/medtrends.mx\/index.php\/wp-json\/wp\/v2\/pages\/2292"}],"collection":[{"href":"https:\/\/medtrends.mx\/index.php\/wp-json\/wp\/v2\/pages"}],"about":[{"href":"https:\/\/medtrends.mx\/index.php\/wp-json\/wp\/v2\/types\/page"}],"author":[{"embeddable":true,"href":"https:\/\/medtrends.mx\/index.php\/wp-json\/wp\/v2\/users\/4"}],"replies":[{"embeddable":true,"href":"https:\/\/medtrends.mx\/index.php\/wp-json\/wp\/v2\/comments?post=2292"}],"version-history":[{"count":86,"href":"https:\/\/medtrends.mx\/index.php\/wp-json\/wp\/v2\/pages\/2292\/revisions"}],"predecessor-version":[{"id":2572,"href":"https:\/\/medtrends.mx\/index.php\/wp-json\/wp\/v2\/pages\/2292\/revisions\/2572"}],"wp:featuredmedia":[{"embeddable":true,"href":"https:\/\/medtrends.mx\/index.php\/wp-json\/wp\/v2\/media\/2368"}],"wp:attachment":[{"href":"https:\/\/medtrends.mx\/index.php\/wp-json\/wp\/v2\/media?parent=2292"}],"curies":[{"name":"wp","href":"https:\/\/api.w.org\/{rel}","templated":true}]}}